{"id":833,"date":"2020-05-08T20:31:41","date_gmt":"2020-05-08T20:31:41","guid":{"rendered":"https:\/\/cataractmexico.com\/?page_id=833"},"modified":"2024-10-14T22:52:14","modified_gmt":"2024-10-14T22:52:14","slug":"ora-system-with-verifeye","status":"publish","type":"page","link":"https:\/\/cataractmexico.com\/es\/ora-system-with-verifeye\/","title":{"rendered":"ORA SYSTEM CON VERIFEYE+"},"content":{"rendered":"<div class=\"mk-page-section-wrapper\" data-mk-full-width=\"true\" data-mk-full-width-init=\"true\" data-mk-stretch-content=\"true\">\n\t<div id=\"page-section-1\" class=\"mk-page-section self-hosted   full_layout full-width-1 js-el js-master-row     center-y\"    data-intro-effect=\"false\">\n\n\t\t\t\n\t\t\t<div class=\"mk-page-section-inner\">\n\t\t\t\t\n\n\n<div class=\"mk-video-color-mask\"><\/div>\n\n\t\t\t\t\n\t\t\t\t\n\t\t\n\n\t<div class=\"background-layer-holder\">\n\t\t<div id=\"background-layer--1\" data-mk-lazyload=\"false\" class=\"background-layer mk-background-stretch none-blend-effect js-el\"    data-mk-img-set='{\"landscape\":{\"desktop\":\"https:\/\/i0.wp.com\/cataractmexico.com\/wp-content\/uploads\/2020\/04\/old-couple-in-love.jpg?fit=2509%2C1673&ssl=1\",\"tablet\":\"https:\/\/i0.wp.com\/cataractmexico.com\/wp-content\/uploads\/2020\/04\/old-couple-in-love.jpg?fit=1024%2C683&ssl=1\",\"mobile\":\"https:\/\/i0.wp.com\/cataractmexico.com\/wp-content\/uploads\/2020\/04\/old-couple-in-love.jpg?fit=621%2C414&ssl=1\"},\"responsive\":\"true\"}' >\n\t\t\t\t\t\t\t\t\t<div class=\"mk-color-layer\"><\/div>\n\t\t<\/div>\n\t<\/div>\n\n\t\t\t<\/div>\n\n\t\t\t\n        <div class=\"page-section-content vc_row-fluid mk-grid fluid-width-equal-height-columns vertical-align-center\" >\n            <div class=\"mk-padding-wrapper wpb_row\">\n<div class=\"vc_col-sm-12 wpb_column column_container   _ height-full\">\n\t\n<h2 id=\"fancy-title-3\" class=\"mk-fancy-title  simple-style   color-single\">\n\t<span>\n\t\t\t\t<p>ORA SYSTEM CON TECNOLOG\u00cdA VERIFEYE<\/p>\n\t\t\t<\/span>\n<\/h2>\n<div class=\"clearboth\"><\/div>\n\n\n\n<\/div>\n<\/div>\n            <div class=\"clearboth\"><\/div>\n        <\/div>\n\n\n\t\t\t\n\t\t\t\n\t\t\t\n\t\t<div class=\"clearboth\"><\/div>\n\t<\/div>\n<\/div>\n<div class=\"vc_row-full-width vc_clearfix\"><\/div>\n\n\n<div class=\"mk-page-section-wrapper\" data-mk-full-width=\"true\" data-mk-full-width-init=\"true\" data-mk-stretch-content=\"true\">\n\t<div id=\"page-section-4\" class=\"mk-page-section self-hosted   full_layout full-width-4 js-el js-master-row\"    data-intro-effect=\"false\">\n\n\t\t\t\n\t\t\t<div class=\"mk-page-section-inner\">\n\t\t\t\t\n\n\n<div class=\"mk-video-color-mask\"><\/div>\n\n\t\t\t\t\n\t\t\t\t\t\t\t<\/div>\n\n\t\t\t\n        <div class=\"page-section-content vc_row-fluid mk-grid\" >\n            <div class=\"mk-padding-wrapper wpb_row\">\n<div class=\"vc_col-sm-12 wpb_column column_container   _ height-full\">\n\t\n<h2 id=\"fancy-title-6\" class=\"mk-fancy-title  simple-style   color-single\">\n\t<span>\n\t\t\t\t<p>\u00bfQu\u00e9 es ORA System\u2122?<\/p>\n\t\t\t<\/span>\n<\/h2>\n<div class=\"clearboth\"><\/div>\n\n\n\n\t<div class=\"vc_custom_1588970072434\">\n\n<div id=\"text-block-7\" class=\"mk-text-block\">\n\n\t\n\t<p>ORA System\u2122 con tecnolog\u00eda VerifEye es un aberr\u00f3metro intraoperatorio que proporciona datos fiables y en tiempo real a los cirujanos de cataratas, para permitirles seleccionar la potencia y posici\u00f3n del lente intraocular (LIO) m\u00e1s precisa para obtener mejores resultados.<\/p>\n\n\t<div class=\"clearboth\"><\/div>\n<\/div>\n\n\t<\/div>\n<\/div>\n<\/div>\n            <div class=\"clearboth\"><\/div>\n        <\/div>\n\n\n\t\t\t\n\t\t\t\n\t\t\t\n\t\t<div class=\"clearboth\"><\/div>\n\t<\/div>\n<\/div>\n<div class=\"vc_row-full-width vc_clearfix\"><\/div>\n\n\n<div class=\"mk-page-section-wrapper\" data-mk-full-width=\"true\" data-mk-full-width-init=\"true\" data-mk-stretch-content=\"true\">\n\t<div id=\"page-section-8\" class=\"mk-page-section self-hosted   full_layout full-width-8 js-el js-master-row\"    data-intro-effect=\"false\">\n\n\t\t\t\n\t\t\t<div class=\"mk-page-section-inner\">\n\t\t\t\t\n\n\n<div class=\"mk-video-color-mask\"><\/div>\n\n\t\t\t\t\n\t\t\t\t\t\t\t<\/div>\n\n\t\t\t\n        <div class=\"page-section-content vc_row-fluid mk-grid\" >\n            <div class=\"mk-padding-wrapper wpb_row\">\n<div class=\"vc_col-sm-12 wpb_column column_container   _ height-full\">\n\t\n<h2 id=\"fancy-title-10\" class=\"mk-fancy-title  simple-style   color-single\">\n\t<span>\n\t\t\t\t<p><span class=\"tlid-translation translation\" lang=\"en\"><span class=\"\" title=\"\">Caracter\u00edsticas del sistema ORA<\/span><\/span><\/p>\n\t\t\t<\/span>\n<\/h2>\n<div class=\"clearboth\"><\/div>\n\n\n\n\n\n<div class=\"wpb_row vc_inner vc_row vc_row-fluid    attched-false\">\n\t\t\n\t\t<div class=\"wpb_column vc_column_container vc_col-sm-6\"><div class=\"vc_column-inner\"><div class=\"wpb_wrapper\">\t<div class=\"vc_custom_1588970100948\">\n\n<div id=\"text-block-11\" class=\"mk-text-block\">\n\n\t\n\t<p>El ORA System\u2122 lleva la precisi\u00f3n del c\u00e1lculo de casos dif\u00edciles (por ejemplo, pacientes con cirug\u00edas l\u00e1ser previas) a otro nivel, para obtener los mejores resultados posibles.<\/p>\n\n\t<div class=\"clearboth\"><\/div>\n<\/div>\n\n\t<\/div>\n<\/div><\/div><\/div><div class=\"wpb_column vc_column_container vc_col-sm-6\"><div class=\"vc_column-inner\"><div class=\"wpb_wrapper\"><div class=\"wpb_video_widget\">\n\t<div class=\"wpb_wrapper\">\n\t\t\t\t<div id=\"video-container-12\" class=\"video-container\" data-id=\"12\" data-source=\"social_hosted\" data-autoplay=\"0\" data-loop=\"0\" data-target=\"lightbox\" itemprop=\"video\" itemtype=\"https:\/\/schema.org\/VideoObject\" >\n\t\t\t<div id=\"video-player-12\" class=\"video-player\">\n\t\t\t<iframe loading=\"lazy\" id=\"iframe-player-12\" data-id=\"12\" title=\"The ORA System\u00ae with Verifeye+ Technology by Alcon\" width=\"1140\" height=\"641\" src=\"https:\/\/www.youtube.com\/embed\/LpddrAb4q0I?feature=oembed\" frameborder=\"0\" allow=\"accelerometer; autoplay; clipboard-write; encrypted-media; gyroscope; picture-in-picture; web-share\" referrerpolicy=\"strict-origin-when-cross-origin\" allowfullscreen><\/iframe>\t\t\t<\/div>\n\t\t\t\t\t<\/div>\n\t<\/div>\n<\/div>\n<\/div><\/div><\/div>\t\t\n<\/div>\n<\/div>\n<\/div>\n            <div class=\"clearboth\"><\/div>\n        <\/div>\n\n\n\t\t\t\n\t\t\t\n\t\t\t\n\t\t<div class=\"clearboth\"><\/div>\n\t<\/div>\n<\/div>\n<div class=\"vc_row-full-width vc_clearfix\"><\/div>\n\n\n<div class=\"mk-page-section-wrapper\" data-mk-full-width=\"true\" data-mk-full-width-init=\"true\" data-mk-stretch-content=\"true\">\n\t<div id=\"page-section-13\" class=\"mk-page-section self-hosted   full_layout full-width-13 js-el js-master-row\"    data-intro-effect=\"false\">\n\n\t\t\t\n\t\t\t<div class=\"mk-page-section-inner\">\n\t\t\t\t\n\n\n<div class=\"mk-video-color-mask\"><\/div>\n\n\t\t\t\t\n\t\t\t\t\t\t\t<\/div>\n\n\t\t\t\n        <div class=\"page-section-content vc_row-fluid mk-grid fluid-width-equal-height-columns vertical-align-center\" >\n            <div class=\"mk-padding-wrapper wpb_row\">\n<div class=\"vc_col-sm-12 wpb_column column_container   _ height-full\">\n\t<section class=\"vc_cta3-container\"><div class=\"vc_general vc_cta3 vc_cta3-style-custom vc_cta3-shape-square vc_cta3-align-left vc_cta3-icon-size-md vc_cta3-actions-right\" style=\"background-color:#951b81;\"><div class=\"vc_cta3_content-container\"><div class=\"vc_cta3-content\"><header class=\"vc_cta3-content-header\"><\/header><p style=\"text-align: center;\"><span style=\"color: #ffffff;\">SI USTED TIENE CATARATAS, HAGA UNA CITA PARA EVALUAR SU CONDICI\u00d3N Y ENTENDER MEJOR SUS OPCIONES DE CORRECCI\u00d3N VISUAL.<\/span><\/p>\n<\/div><div class=\"vc_cta3-actions\"><div class=\"vc_btn3-container vc_btn3-center\" ><a class=\"vc_general vc_btn3 vc_btn3-size-md vc_btn3-shape-rounded vc_btn3-style-outline vc_btn3-color-white\" href=\"https:\/\/cataractmexico.com\/contact\/\" title=\"\">Hacer una cita<\/a><\/div><\/div><\/div><\/div><\/section><\/div>\n<\/div>\n            <div class=\"clearboth\"><\/div>\n        <\/div>\n\n\n\t\t\t\n\t\t\t\n\t\t\t\n\t\t<div class=\"clearboth\"><\/div>\n\t<\/div>\n<\/div>\n<div class=\"vc_row-full-width vc_clearfix\"><\/div>\n\n\n<div class=\"mk-page-section-wrapper\" data-mk-full-width=\"true\" data-mk-full-width-init=\"true\" data-mk-stretch-content=\"true\">\n\t<div id=\"page-section-15\" class=\"mk-page-section self-hosted   full_layout full-width-15 js-el js-master-row\"    data-intro-effect=\"false\">\n\n\t\t\t\n\t\t\t<div class=\"mk-page-section-inner\">\n\t\t\t\t\n\n\n<div class=\"mk-video-color-mask\"><\/div>\n\n\t\t\t\t\n\t\t\t\t\t\t\t<\/div>\n\n\t\t\t\n        <div class=\"page-section-content vc_row-fluid mk-grid\" >\n            <div class=\"mk-padding-wrapper wpb_row\">\n<div class=\"vc_col-sm-12 wpb_column column_container   _ height-full\">\n\t\n<h2 id=\"fancy-title-17\" class=\"mk-fancy-title  simple-style   color-single\">\n\t<span>\n\t\t\t\t<p>Cont\u00e1ctanos<\/p>\n\t\t\t<\/span>\n<\/h2>\n<div class=\"clearboth\"><\/div>\n\n\n\n\t<div class=\"vc_custom_1563136211261\">\n\n<div id=\"text-block-18\" class=\"mk-text-block\">\n\n\t\n\t<div class=\"vc_row wpb_row vc_row-fluid\">\n<div class=\"vc_col-sm-12 wpb_column vc_column_container\">\n<div class=\"wpb_wrapper\">\n<div class=\"wpb_text_column wpb_content_element\">\n<div class=\"wpb_wrapper\">\n<p style=\"text-align: center;\">Ponte en contacto con nosotros o agenda una cita.<\/p>\n<\/div>\n<\/div>\n<\/div>\n<\/div>\n<\/div>\n\n\t<div class=\"clearboth\"><\/div>\n<\/div>\n\n\t<\/div>\n\n<div class=\"mk-contact-form-wrapper s_contact corporate-style s_corporate\">\n\t<form id=\"mk-contact-form-19\" class=\"mk-contact-form clearfix\" method=\"post\" novalidate=\"novalidate\" enctype=\"multipart\/form-data\" action=\"\">\n\n\t\t<div class=\"mk-form-row\">\n\n    <div class=\"mk-form-half s_form-all\">\n        <input placeholder=\"First Name*\" type=\"text\" required=\"required\" name=\"name\" class=\"text-input s_txt-input\" tabindex=\"114\" \/>\n\t<\/div>\n\n\t<div class=\"mk-form-half s_form-all\">\n\t\t<input placeholder=\"Last Name*\" type=\"text\" required=\"required\" name=\"last_name\" class=\"text-input s_txt-input\" tabindex=\"115\" \/>\n\t<\/div>\n\n<\/div>\n\n<div class=\"mk-form-row\">\n\n\t<div class=\"mk-form-third s_form-all\">\n\t\t<input placeholder=\"Correo electr\u00f3nico*\" type=\"email\" data-type=\"email\" required=\"required\" name=\"email\" class=\"text-input s_txt-input\" tabindex=\"116\" \/>\n\t<\/div>\n\n\t<div class=\"mk-form-third s_form-all\">\n\t\t<input placeholder=\"Website\" type=\"text\" name=\"website\" class=\"text-input s_txt-input\" tabindex=\"117\" \/>\n\t<\/div>\n\n\t\t<div class=\"mk-form-third s_form-all\">\n\t\t<input placeholder=\"Phone Number\" type=\"text\" name=\"phone\" class=\"text-input s_txt-input two-third\" value=\"\" tabindex=\"118\" \/>\n\t<\/div>\n\t\n<\/div>\n\n<div class=\"mk-form-row\">\n\t<div class=\"mk-form-full s_form-all\">\n\t\t<textarea required=\"required\" placeholder=\"Mensaje\" name=\"content\" class=\"mk-textarea s_txt-input\" tabindex=\"119\"><\/textarea>\n\t<\/div>\n<\/div>\n\n\t<div class=\"mk-form-row\">\n\t\t<div class=\"mk-form-full s_form-all\">\n\t\t\t<input placeholder=\"Enter Captcha\" data-placeholder=\"Enter Captcha\" type=\"text\" data-type=\"captcha\" name=\"captcha\" class=\"captcha-form text-input s_txt-input full\" required=\"required\" autocomplete=\"off\" tabindex=\"120\" \/>\n\t\t\t<span class=\"captcha-image-holder\">\n\t\t\t\t<img decoding=\"async\" src=\"https:\/\/cataractmexico.com\/wp-content\/plugins\/artbees-captcha\/generate-captcha.php\" class=\"captcha-image\" alt=\"captcha txt\"\/>\n\t\t\t<\/span> <br\/>\n\t\t\t<a href=\"#\" class=\"captcha-change-image\">Not readable? Change text.<\/a>\n\t\t<\/div>\n\t<\/div>\n<div class=\"mk-form-row mk-gdpr-consent-check\">\n\t<div class=\"s_form-all\">\n\t<input type=\"checkbox\" name=\"contact_form_gdpr_check\" id=\"gdpr_check_121\" class=\"mk-checkbox\" required=\"required\" value=\"\" tabindex=\"121\" \/>  <label for=\"gdpr_check_121\">I consent to Cataract Mexico - Advanced sight restoration surgery collecting my details through this form.<\/label>\n\t<\/div>\n<\/div>\n \n<div class=\"mk-form-row\" style=\"float:left;\">\n    <button class=\"mk-progress-button mk-button mk-button--dimension-flat mk-button--size-medium text-color-light contact-submit contact-form-button _ font-weight-b\" data-style=\"move-up\" tabindex=\"122\">\n        <span class=\"mk-progress-button-content\">\n            Enviar        <\/span>\n        <span class=\"mk-progress\">\n            <span class=\"mk-progress-inner\"><\/span>\n        <\/span>\n\n        <span class=\"state-success\">\n            <svg  class=\"mk-svg-icon\" data-name=\"mk-moon-checkmark\" data-cacheid=\"icon-6a05c89540c0e\" style=\" height:16px; width: 16px; \"  xmlns=\"http:\/\/www.w3.org\/2000\/svg\" viewbox=\"0 0 512 512\"><path d=\"M432 64l-240 240-112-112-80 80 192 192 320-320z\"\/><\/svg>        <\/span>\n\n        <span class=\"state-error\">\n            <svg  class=\"mk-svg-icon\" data-name=\"mk-moon-close\" data-cacheid=\"icon-6a05c89540e0f\" style=\" height:16px; width: 16px; \"  xmlns=\"http:\/\/www.w3.org\/2000\/svg\" viewbox=\"0 0 512 512\"><path d=\"M507.331 411.33l-.006-.005-155.322-155.325 155.322-155.325.006-.005c1.672-1.673 2.881-3.627 3.656-5.708 2.123-5.688.912-12.341-3.662-16.915l-73.373-73.373c-4.574-4.573-11.225-5.783-16.914-3.66-2.08.775-4.035 1.984-5.709 3.655l-.004.005-155.324 155.326-155.324-155.325-.005-.005c-1.673-1.671-3.627-2.88-5.707-3.655-5.69-2.124-12.341-.913-16.915 3.66l-73.374 73.374c-4.574 4.574-5.784 11.226-3.661 16.914.776 2.08 1.985 4.036 3.656 5.708l.005.005 155.325 155.324-155.325 155.326-.004.005c-1.671 1.673-2.88 3.627-3.657 5.707-2.124 5.688-.913 12.341 3.661 16.915l73.374 73.373c4.575 4.574 11.226 5.784 16.915 3.661 2.08-.776 4.035-1.985 5.708-3.656l.005-.005 155.324-155.325 155.324 155.325.006.004c1.674 1.672 3.627 2.881 5.707 3.657 5.689 2.123 12.342.913 16.914-3.661l73.373-73.374c4.574-4.574 5.785-11.227 3.662-16.915-.776-2.08-1.985-4.034-3.657-5.707z\"\/><\/svg>        <\/span>\n\n    <\/button>\n<\/div>\n<input type=\"hidden\" id=\"security\" name=\"security\" value=\"f116cfcd4d\" \/><input type=\"hidden\" name=\"_wp_http_referer\" value=\"\/es\/wp-json\/wp\/v2\/pages\/833\" \/><input type=\"hidden\" id=\"sh_id\" name=\"sh_id\" value=\"123\"><input type=\"hidden\" id=\"p_id\" name=\"p_id\" value=\"833\">\t<div class=\"contact-form-message clearfix\"><\/div>   \n\t<input type=\"hidden\" name=\"trp-form-language\" value=\"es\"\/><\/form>\n<\/div>\n\n<\/div>\n<\/div>\n            <div class=\"clearboth\"><\/div>\n        <\/div>\n\n\n\t\t\t\n\t\t\t\n\t\t\t\n\t\t<div class=\"clearboth\"><\/div>\n\t<\/div>\n<\/div>\n<div class=\"vc_row-full-width vc_clearfix\"><\/div>","protected":false},"excerpt":{"rendered":"ORA SYSTEM WITH VERIFEYE TECHNOLOGY What is the Ora System? The ORA System with VerifEye technology is an intraoperative aberrometer that provides real-time, reliable data and image guidance to cataract surgeons, so they can select the most accurate intraocular lens (IOL) power and position for better outcomes. ORA System Features The precision of the ORA [...]","protected":false},"author":4,"featured_media":0,"parent":0,"menu_order":0,"comment_status":"closed","ping_status":"closed","template":"","meta":{"footnotes":""},"class_list":["post-833","page","type-page","status-publish","hentry"],"yoast_head":"<!-- This site is optimized with the Yoast SEO plugin v26.9 - https:\/\/yoast.com\/product\/yoast-seo-wordpress\/ -->\n<title>ORA SYSTEM WITH VERIFEYE &#8211; Cataract Mexico - Advanced sight restoration surgery<\/title>\n<meta name=\"description\" content=\"Bienvenido a Cataract M\u00e9xico, estamos especializados en brindar atenci\u00f3n de alta calidad para el cuidado de la vista. CIRUG\u00cdA DE CATARATAS, LENTES INTRAOCULARES, CONSULTA OFTALMOLOG\u00cdA\" \/>\n<meta name=\"robots\" content=\"index, follow, max-snippet:-1, max-image-preview:large, max-video-preview:-1\" \/>\n<link rel=\"canonical\" href=\"https:\/\/cataractmexico.com\/es\/ora-system-with-verifeye\/\" \/>\n<meta property=\"og:locale\" content=\"es_MX\" \/>\n<meta property=\"og:type\" content=\"article\" \/>\n<meta property=\"og:title\" content=\"ORA SYSTEM WITH VERIFEYE &#8211; Cataract Mexico - Advanced sight restoration surgery\" \/>\n<meta property=\"og:description\" content=\"Bienvenido a Cataract M\u00e9xico, estamos especializados en brindar atenci\u00f3n de alta calidad para el cuidado de la vista. CIRUG\u00cdA DE CATARATAS, LENTES INTRAOCULARES, CONSULTA OFTALMOLOG\u00cdA\" \/>\n<meta property=\"og:url\" content=\"https:\/\/cataractmexico.com\/es\/ora-system-with-verifeye\/\" \/>\n<meta property=\"og:site_name\" content=\"Cataract Mexico - Advanced sight restoration surgery\" \/>\n<meta property=\"article:publisher\" content=\"https:\/\/www.facebook.com\/\" \/>\n<meta property=\"article:modified_time\" content=\"2024-10-14T22:52:14+00:00\" \/>\n<meta name=\"twitter:card\" content=\"summary_large_image\" \/>\n<meta name=\"twitter:site\" content=\"@cataractmexico\" \/>\n<script type=\"application\/ld+json\" class=\"yoast-schema-graph\">{\"@context\":\"https:\/\/schema.org\",\"@graph\":[{\"@type\":\"WebPage\",\"@id\":\"https:\/\/cataractmexico.com\/ora-system-with-verifeye\/\",\"url\":\"https:\/\/cataractmexico.com\/ora-system-with-verifeye\/\",\"name\":\"ORA SYSTEM WITH VERIFEYE &#8211; Cataract Mexico - Advanced sight restoration surgery\",\"isPartOf\":{\"@id\":\"https:\/\/cataractmexico.com\/en\/#website\"},\"datePublished\":\"2020-05-08T20:31:41+00:00\",\"dateModified\":\"2024-10-14T22:52:14+00:00\",\"description\":\"Bienvenido a Cataract M\u00e9xico, estamos especializados en brindar atenci\u00f3n de alta calidad para el cuidado de la vista. CIRUG\u00cdA DE CATARATAS, LENTES INTRAOCULARES, CONSULTA OFTALMOLOG\u00cdA\",\"breadcrumb\":{\"@id\":\"https:\/\/cataractmexico.com\/ora-system-with-verifeye\/#breadcrumb\"},\"inLanguage\":\"es\",\"potentialAction\":[{\"@type\":\"ReadAction\",\"target\":[\"https:\/\/cataractmexico.com\/ora-system-with-verifeye\/\"]}]},{\"@type\":\"BreadcrumbList\",\"@id\":\"https:\/\/cataractmexico.com\/ora-system-with-verifeye\/#breadcrumb\",\"itemListElement\":[{\"@type\":\"ListItem\",\"position\":1,\"name\":\"Home\",\"item\":\"https:\/\/cataractmexico.com\/\"},{\"@type\":\"ListItem\",\"position\":2,\"name\":\"ORA SYSTEM WITH VERIFEYE\"}]},{\"@type\":\"WebSite\",\"@id\":\"https:\/\/cataractmexico.com\/en\/#website\",\"url\":\"https:\/\/cataractmexico.com\/en\/\",\"name\":\"Cataract Mexico - Advanced sight restoration surgery\",\"description\":\"Cataract Mexico - Advanced sight restoration surgery - We specialize in providing high quality care for eye care.\",\"publisher\":{\"@id\":\"https:\/\/cataractmexico.com\/en\/#organization\"},\"alternateName\":\"Cataract Mexico\",\"potentialAction\":[{\"@type\":\"SearchAction\",\"target\":{\"@type\":\"EntryPoint\",\"urlTemplate\":\"https:\/\/cataractmexico.com\/en\/?s={search_term_string}\"},\"query-input\":{\"@type\":\"PropertyValueSpecification\",\"valueRequired\":true,\"valueName\":\"search_term_string\"}}],\"inLanguage\":\"es\"},{\"@type\":\"Organization\",\"@id\":\"https:\/\/cataractmexico.com\/en\/#organization\",\"name\":\"Cataract Mexico\",\"url\":\"https:\/\/cataractmexico.com\/en\/\",\"logo\":{\"@type\":\"ImageObject\",\"inLanguage\":\"es\",\"@id\":\"https:\/\/cataractmexico.com\/en\/#\/schema\/logo\/image\/\",\"url\":\"https:\/\/cataractmexico.com\/wp-content\/uploads\/2020\/03\/cropped-cataract-mexico-favicon.png\",\"contentUrl\":\"https:\/\/cataractmexico.com\/wp-content\/uploads\/2020\/03\/cropped-cataract-mexico-favicon.png\",\"width\":512,\"height\":512,\"caption\":\"Cataract Mexico\"},\"image\":{\"@id\":\"https:\/\/cataractmexico.com\/en\/#\/schema\/logo\/image\/\"},\"sameAs\":[\"https:\/\/www.facebook.com\/\",\"https:\/\/x.com\/cataractmexico\",\"https:\/\/www.instagram.com\/cataractmexico\/\"]}]}<\/script>\n<!-- \/ Yoast SEO plugin. -->","yoast_head_json":{"title":"ORA SYSTEM WITH VERIFEYE &#8211; Cataract Mexico - Advanced sight restoration surgery","description":"Bienvenido a Cataract M\u00e9xico, estamos especializados en brindar atenci\u00f3n de alta calidad para el cuidado de la vista. CIRUG\u00cdA DE CATARATAS, LENTES INTRAOCULARES, CONSULTA OFTALMOLOG\u00cdA","robots":{"index":"index","follow":"follow","max-snippet":"max-snippet:-1","max-image-preview":"max-image-preview:large","max-video-preview":"max-video-preview:-1"},"canonical":"https:\/\/cataractmexico.com\/es\/ora-system-with-verifeye\/","og_locale":"es_MX","og_type":"article","og_title":"ORA SYSTEM WITH VERIFEYE &#8211; Cataract Mexico - Advanced sight restoration surgery","og_description":"Bienvenido a Cataract M\u00e9xico, estamos especializados en brindar atenci\u00f3n de alta calidad para el cuidado de la vista. CIRUG\u00cdA DE CATARATAS, LENTES INTRAOCULARES, CONSULTA OFTALMOLOG\u00cdA","og_url":"https:\/\/cataractmexico.com\/es\/ora-system-with-verifeye\/","og_site_name":"Cataract Mexico - Advanced sight restoration surgery","article_publisher":"https:\/\/www.facebook.com\/","article_modified_time":"2024-10-14T22:52:14+00:00","twitter_card":"summary_large_image","twitter_site":"@cataractmexico","schema":{"@context":"https:\/\/schema.org","@graph":[{"@type":"WebPage","@id":"https:\/\/cataractmexico.com\/ora-system-with-verifeye\/","url":"https:\/\/cataractmexico.com\/ora-system-with-verifeye\/","name":"ORA SYSTEM WITH VERIFEYE &#8211; Cataract Mexico - Advanced sight restoration surgery","isPartOf":{"@id":"https:\/\/cataractmexico.com\/en\/#website"},"datePublished":"2020-05-08T20:31:41+00:00","dateModified":"2024-10-14T22:52:14+00:00","description":"Bienvenido a Cataract M\u00e9xico, estamos especializados en brindar atenci\u00f3n de alta calidad para el cuidado de la vista. CIRUG\u00cdA DE CATARATAS, LENTES INTRAOCULARES, CONSULTA OFTALMOLOG\u00cdA","breadcrumb":{"@id":"https:\/\/cataractmexico.com\/ora-system-with-verifeye\/#breadcrumb"},"inLanguage":"es","potentialAction":[{"@type":"ReadAction","target":["https:\/\/cataractmexico.com\/ora-system-with-verifeye\/"]}]},{"@type":"BreadcrumbList","@id":"https:\/\/cataractmexico.com\/ora-system-with-verifeye\/#breadcrumb","itemListElement":[{"@type":"ListItem","position":1,"name":"Home","item":"https:\/\/cataractmexico.com\/"},{"@type":"ListItem","position":2,"name":"ORA SYSTEM WITH VERIFEYE"}]},{"@type":"WebSite","@id":"https:\/\/cataractmexico.com\/en\/#website","url":"https:\/\/cataractmexico.com\/en\/","name":"Cataract Mexico - Advanced sight restoration surgery","description":"Cataract Mexico - Advanced sight restoration surgery - We specialize in providing high quality care for eye care.","publisher":{"@id":"https:\/\/cataractmexico.com\/en\/#organization"},"alternateName":"Cataract Mexico","potentialAction":[{"@type":"SearchAction","target":{"@type":"EntryPoint","urlTemplate":"https:\/\/cataractmexico.com\/en\/?s={search_term_string}"},"query-input":{"@type":"PropertyValueSpecification","valueRequired":true,"valueName":"search_term_string"}}],"inLanguage":"es"},{"@type":"Organization","@id":"https:\/\/cataractmexico.com\/en\/#organization","name":"Cataract Mexico","url":"https:\/\/cataractmexico.com\/en\/","logo":{"@type":"ImageObject","inLanguage":"es","@id":"https:\/\/cataractmexico.com\/en\/#\/schema\/logo\/image\/","url":"https:\/\/cataractmexico.com\/wp-content\/uploads\/2020\/03\/cropped-cataract-mexico-favicon.png","contentUrl":"https:\/\/cataractmexico.com\/wp-content\/uploads\/2020\/03\/cropped-cataract-mexico-favicon.png","width":512,"height":512,"caption":"Cataract Mexico"},"image":{"@id":"https:\/\/cataractmexico.com\/en\/#\/schema\/logo\/image\/"},"sameAs":["https:\/\/www.facebook.com\/","https:\/\/x.com\/cataractmexico","https:\/\/www.instagram.com\/cataractmexico\/"]}]}},"jetpack_sharing_enabled":true,"_links":{"self":[{"href":"https:\/\/cataractmexico.com\/es\/wp-json\/wp\/v2\/pages\/833","targetHints":{"allow":["GET"]}}],"collection":[{"href":"https:\/\/cataractmexico.com\/es\/wp-json\/wp\/v2\/pages"}],"about":[{"href":"https:\/\/cataractmexico.com\/es\/wp-json\/wp\/v2\/types\/page"}],"author":[{"embeddable":true,"href":"https:\/\/cataractmexico.com\/es\/wp-json\/wp\/v2\/users\/4"}],"replies":[{"embeddable":true,"href":"https:\/\/cataractmexico.com\/es\/wp-json\/wp\/v2\/comments?post=833"}],"version-history":[{"count":9,"href":"https:\/\/cataractmexico.com\/es\/wp-json\/wp\/v2\/pages\/833\/revisions"}],"predecessor-version":[{"id":1132,"href":"https:\/\/cataractmexico.com\/es\/wp-json\/wp\/v2\/pages\/833\/revisions\/1132"}],"wp:attachment":[{"href":"https:\/\/cataractmexico.com\/es\/wp-json\/wp\/v2\/media?parent=833"}],"curies":[{"name":"wp","href":"https:\/\/api.w.org\/{rel}","templated":true}]}}