{"id":16,"date":"2019-06-25T21:56:41","date_gmt":"2019-06-25T21:56:41","guid":{"rendered":"https:\/\/cataractmexico.com\/?page_id=16"},"modified":"2020-05-08T19:37:05","modified_gmt":"2020-05-08T19:37:05","slug":"faq","status":"publish","type":"page","link":"https:\/\/cataractmexico.com\/en\/faq\/","title":{"rendered":"FAQ"},"content":{"rendered":"\n<div class=\"mk-page-section-wrapper\" data-mk-full-width=\"true\" data-mk-full-width-init=\"true\" data-mk-stretch-content=\"true\">\n\t<div id=\"page-section-1\" class=\"mk-page-section self-hosted   full_layout full-width-1 js-el js-master-row     center-y\"    data-intro-effect=\"false\">\n\n\t\t\t\n\t\t\t<div class=\"mk-page-section-inner\">\n\t\t\t\t\n\n\n<div class=\"mk-video-color-mask\"><\/div>\n\n\t\t\t\t\n\t\t\t\t\n\t\t\n\n\t<div class=\"background-layer-holder\">\n\t\t<div id=\"background-layer--1\" data-mk-lazyload=\"false\" class=\"background-layer mk-background-stretch none-blend-effect js-el\"    data-mk-img-set='{\"landscape\":{\"desktop\":\"https:\/\/i0.wp.com\/cataractmexico.com\/wp-content\/uploads\/2019\/07\/faq-background.jpg?fit=3010%2C632&ssl=1\",\"tablet\":\"https:\/\/i0.wp.com\/cataractmexico.com\/wp-content\/uploads\/2019\/07\/faq-background.jpg?fit=1024%2C768&ssl=1\",\"mobile\":\"https:\/\/i0.wp.com\/cataractmexico.com\/wp-content\/uploads\/2019\/07\/faq-background.jpg?fit=736%2C414&ssl=1\"},\"responsive\":\"true\"}' >\n\t\t\t\t\t\t\t\t\t<div class=\"mk-color-layer\"><\/div>\n\t\t<\/div>\n\t<\/div>\n\n\t\t\t<\/div>\n\n\t\t\t\n        <div class=\"page-section-content vc_row-fluid mk-grid fluid-width-equal-height-columns vertical-align-center\" >\n            <div class=\"mk-padding-wrapper wpb_row\">\n<div class=\"vc_col-sm-12 wpb_column column_container   _ height-full\">\n\t\n<h2 id=\"fancy-title-3\" class=\"mk-fancy-title  simple-style   color-single\">\n\t<span>\n\t\t\t\t<p>FAQ<\/p>\n\t\t\t<\/span>\n<\/h2>\n<div class=\"clearboth\"><\/div>\n\n\n\n<\/div>\n<\/div>\n            <div class=\"clearboth\"><\/div>\n        <\/div>\n\n\n\t\t\t\n\t\t\t\n\t\t\t\n\t\t<div class=\"clearboth\"><\/div>\n\t<\/div>\n<\/div>\n<div class=\"vc_row-full-width vc_clearfix\"><\/div>\n\n\n<div class=\"mk-page-section-wrapper\" data-mk-full-width=\"true\" data-mk-full-width-init=\"true\" data-mk-stretch-content=\"true\">\n\t<div id=\"page-section-4\" class=\"mk-page-section self-hosted   full_layout full-width-4 js-el js-master-row    \"    data-intro-effect=\"false\">\n\n\t\t\t\n\t\t\t<div class=\"mk-page-section-inner\">\n\t\t\t\t\n\n\n<div class=\"mk-video-color-mask\"><\/div>\n\n\t\t\t\t\n\t\t\t\t\t\t\t<\/div>\n\n\t\t\t\n        <div class=\"page-section-content vc_row-fluid mk-grid \" >\n            <div class=\"mk-padding-wrapper wpb_row\">\n<div class=\"vc_col-sm-12 wpb_column column_container   _ height-full\">\n\t\n<h2 id=\"fancy-title-6\" class=\"mk-fancy-title  simple-style   color-single\">\n\t<span>\n\t\t\t\t<p>Frequently Asked Questions<\/p>\n\t\t\t<\/span>\n<\/h2>\n<div class=\"clearboth\"><\/div>\n\n\n\n<div  class=\"vc_toggle vc_toggle_square vc_toggle_color_purple vc_toggle_color_inverted vc_toggle_size_md\"><div class=\"vc_toggle_title\"><h4>1. Can a cataract grow back?<\/h4><i class=\"vc_toggle_icon\"><\/i><\/div><div class=\"vc_toggle_content\"><p class=\"m_448990325438796736gmail-p1\">Once removed it\u2019s not possible to grow back. However some patients can develop a condition called Posterior capsule opacity (PCO), which means the capsular bag supporting the intraocular lens opacifies. PCO can be easily treated with no need to re-enter OR as it is an office laser procedure called YAG.<span class=\"m_448990325438796736gmail-Apple-converted-space\">\u00a0<\/span><\/p>\n<p class=\"m_448990325438796736gmail-p1\">This happens in a small percentage of patients and not necessarily inmediate. Newer and better intraocular lenses have smaller rates of PCO.<\/p>\n<\/div><\/div><div  class=\"vc_toggle vc_toggle_square vc_toggle_color_purple vc_toggle_color_inverted vc_toggle_size_md\"><div class=\"vc_toggle_title\"><h4>2. Do intraocular lens (IOL) need to be exchanged at any time?<\/h4><i class=\"vc_toggle_icon\"><\/i><\/div><div class=\"vc_toggle_content\"><p class=\"m_448990325438796736gmail-p1\">Intraocular lenses should last your entire lifetime as they dont \u201cwear out\u201d. They also don\u2019t move or rub any intraocular tissue, as IOL\u2019s are inside of the \u201ccapsular bag\u201d which was the outer layer of the cataract.<\/p>\n<\/div><\/div><div  class=\"vc_toggle vc_toggle_square vc_toggle_color_purple vc_toggle_color_inverted vc_toggle_size_md\"><div class=\"vc_toggle_title\"><h4>3. Are surgeries done with top technology?<\/h4><i class=\"vc_toggle_icon\"><\/i><\/div><div class=\"vc_toggle_content\"><p class=\"m_448990325438796736gmail-p1\">YES. In Cataract Mexico we perform surgeries with top tech. Surgeons need a great quality surgical microscope and phacoemulsification machine that can backup surgeons to perform surgery with safety and efficiency.<\/p>\n<p class=\"m_448990325438796736gmail-p4\"><span class=\"m_448990325438796736gmail-s1\">Check our locations and ask your doctor about them.<\/span><\/p>\n<\/div><\/div><div  class=\"vc_toggle vc_toggle_square vc_toggle_color_purple vc_toggle_color_inverted vc_toggle_size_md\"><div class=\"vc_toggle_title\"><h4>4.- I had laser surgery previously done, does this means IOL can\u2019t be implanted?<\/h4><i class=\"vc_toggle_icon\"><\/i><\/div><div class=\"vc_toggle_content\"><p class=\"m_448990325438796736gmail-p4\"><span class=\"m_448990325438796736gmail-s1\">No. Every patient has a different eye biometrics and different ocular history but IOL can be implanted safely. Some IOL\u2019s may not be suitable for some patients, so your doctor needs to evaluate your case and options.<span class=\"m_448990325438796736gmail-Apple-converted-space\">\u00a0<\/span><\/span><\/p>\n<\/div><\/div><div  class=\"vc_toggle vc_toggle_square vc_toggle_color_purple vc_toggle_color_inverted vc_toggle_size_md\"><div class=\"vc_toggle_title\"><h4>5.- Is Mexico safe to travel as a medical tourism destiny?<\/h4><i class=\"vc_toggle_icon\"><\/i><\/div><div class=\"vc_toggle_content\"><p class=\"m_448990325438796736gmail-p4\"><span class=\"m_448990325438796736gmail-s1\">Mexico has many safety issues, but tourist destinies are kept safe. Our locations are thought so you may experience peace and pleasure as you recover from a minimally invasive procedure. These locations also have large communities of americans and canadians living their retirement.<\/span><\/p>\n<p class=\"m_448990325438796736gmail-p4\"><span class=\"m_448990325438796736gmail-s1\"><span class=\"m_448990325438796736gmail-Apple-converted-space\">\u00a0<\/span><\/span><\/p>\n<\/div><\/div><\/div>\n<\/div>\n            <div class=\"clearboth\"><\/div>\n        <\/div>\n\n\n\t\t\t\n\t\t\t\n\t\t\t\n\t\t<div class=\"clearboth\"><\/div>\n\t<\/div>\n<\/div>\n<div class=\"vc_row-full-width vc_clearfix\"><\/div>\n\n\n<div class=\"mk-page-section-wrapper\" data-mk-full-width=\"true\" data-mk-full-width-init=\"true\" data-mk-stretch-content=\"true\">\n\t<div id=\"page-section-7\" class=\"mk-page-section self-hosted   full_layout full-width-7 js-el js-master-row    \"    data-intro-effect=\"false\">\n\n\t\t\t\n\t\t\t<div class=\"mk-page-section-inner\">\n\t\t\t\t\n\n\n<div class=\"mk-video-color-mask\"><\/div>\n\n\t\t\t\t\n\t\t\t\t\t\t\t<\/div>\n\n\t\t\t\n        <div class=\"page-section-content vc_row-fluid mk-grid fluid-width-equal-height-columns vertical-align-center\" >\n            <div class=\"mk-padding-wrapper wpb_row\">\n<div class=\"vc_col-sm-12 wpb_column column_container   _ height-full\">\n\t<section class=\"vc_cta3-container\"><div class=\"vc_general vc_cta3 vc_cta3-style-custom vc_cta3-shape-square vc_cta3-align-left vc_cta3-icon-size-md vc_cta3-actions-right\" style=\"background-color:#951b81;\"><div class=\"vc_cta3_content-container\"><div class=\"vc_cta3-content\"><header class=\"vc_cta3-content-header\"><\/header><p><span style=\"color: #ffffff;\">IF YOU HAVE A CATARACT MAKE AN APPOINTMENT OR SCHEDULE A VIRTUAL PRECONSULTATION TO SPEAK 1 TO 1 WITH ONE OF OUR SURGEONS<\/span><\/p>\n<p><strong><span style=\"color: #ffffff;\"> DON&#8217;T HESITATE TO CONTACT US ANY TIME AT<br \/>\n<a style=\"color: #ffffff;\" href=\"tel:+5213323329726\">+52 1 332 332 9726.<\/a><\/span><\/strong><\/p>\n<\/div><div class=\"vc_cta3-actions\"><div class=\"vc_btn3-container vc_btn3-center\" ><a class=\"vc_general vc_btn3 vc_btn3-size-md vc_btn3-shape-rounded vc_btn3-style-outline vc_btn3-color-white\" href=\"https:\/\/calendly.com\/cataractmexico\" title=\"\">Schedule Virtual Preconsultation<\/a><\/div><\/div><\/div><\/div><\/section><\/div>\n<\/div>\n            <div class=\"clearboth\"><\/div>\n        <\/div>\n\n\n\t\t\t\n\t\t\t\n\t\t\t\n\t\t<div class=\"clearboth\"><\/div>\n\t<\/div>\n<\/div>\n<div class=\"vc_row-full-width vc_clearfix\"><\/div>\n\n\n<div class=\"mk-page-section-wrapper\" data-mk-full-width=\"true\" data-mk-full-width-init=\"true\" data-mk-stretch-content=\"true\">\n\t<div id=\"page-section-9\" class=\"mk-page-section self-hosted   full_layout full-width-9 js-el js-master-row    \"    data-intro-effect=\"false\">\n\n\t\t\t\n\t\t\t<div class=\"mk-page-section-inner\">\n\t\t\t\t\n\n\n<div class=\"mk-video-color-mask\"><\/div>\n\n\t\t\t\t\n\t\t\t\t\t\t\t<\/div>\n\n\t\t\t\n        <div class=\"page-section-content vc_row-fluid mk-grid \" >\n            <div class=\"mk-padding-wrapper wpb_row\">\n<div class=\"vc_col-sm-12 wpb_column column_container   _ height-full\">\n\t\n<h2 id=\"fancy-title-11\" class=\"mk-fancy-title  simple-style   color-single\">\n\t<span>\n\t\t\t\t<p>Contact us<\/p>\n\t\t\t<\/span>\n<\/h2>\n<div class=\"clearboth\"><\/div>\n\n\n\n\t<div class=\" vc_custom_1563136211261\">\n\n<div id=\"text-block-12\" class=\"mk-text-block   \">\n\n\t\n\t<div class=\"vc_row wpb_row vc_row-fluid\">\n<div class=\"vc_col-sm-12 wpb_column vc_column_container\">\n<div class=\"wpb_wrapper\">\n<div class=\"wpb_text_column wpb_content_element \">\n<div class=\"wpb_wrapper\">\n<p style=\"text-align: center;\">Get in touch with us or book an appointment.<\/p>\n<\/div>\n<\/div>\n<\/div>\n<\/div>\n<\/div>\n\n\t<div class=\"clearboth\"><\/div>\n<\/div>\n\n\t<\/div>\n\n<div class=\"wpcf7 no-js\" id=\"wpcf7-f656-o1\" lang=\"en-US\" dir=\"ltr\" data-wpcf7-id=\"656\">\n<div class=\"screen-reader-response\"><p role=\"status\" aria-live=\"polite\" aria-atomic=\"true\"><\/p> <ul><\/ul><\/div>\n<form action=\"\/en\/wp-json\/wp\/v2\/pages\/16#wpcf7-f656-o1\" method=\"post\" class=\"wpcf7-form init\" aria-label=\"Contact form\" novalidate=\"novalidate\" data-status=\"init\">\n<div style=\"display: none;\">\n<input type=\"hidden\" name=\"_wpcf7\" value=\"656\" \/>\n<input type=\"hidden\" name=\"_wpcf7_version\" value=\"6.0.6\" \/>\n<input type=\"hidden\" name=\"_wpcf7_locale\" value=\"en_US\" \/>\n<input type=\"hidden\" name=\"_wpcf7_unit_tag\" value=\"wpcf7-f656-o1\" \/>\n<input type=\"hidden\" name=\"_wpcf7_container_post\" value=\"0\" \/>\n<input type=\"hidden\" name=\"_wpcf7_posted_data_hash\" value=\"\" \/>\n<input type=\"hidden\" name=\"_wpcf7_recaptcha_response\" value=\"\" \/>\n<\/div>\n<p><label> Name*<br \/>\n<span class=\"wpcf7-form-control-wrap\" data-name=\"your-name\"><input size=\"40\" maxlength=\"400\" class=\"wpcf7-form-control wpcf7-text wpcf7-validates-as-required\" aria-required=\"true\" aria-invalid=\"false\" value=\"\" type=\"text\" name=\"your-name\" \/><\/span> <\/label>\n<\/p>\n<p><label> Phone*<br \/>\n<span class=\"wpcf7-form-control-wrap\" data-name=\"phone\"><input size=\"40\" maxlength=\"400\" class=\"wpcf7-form-control wpcf7-text wpcf7-validates-as-required\" aria-required=\"true\" aria-invalid=\"false\" value=\"\" type=\"text\" name=\"phone\" \/><\/span><\/label>\n<\/p>\n<p><label> Email*<br \/>\n<span class=\"wpcf7-form-control-wrap\" data-name=\"your-email\"><input size=\"40\" maxlength=\"400\" class=\"wpcf7-form-control wpcf7-email wpcf7-validates-as-required wpcf7-text wpcf7-validates-as-email\" aria-required=\"true\" aria-invalid=\"false\" value=\"\" type=\"email\" name=\"your-email\" \/><\/span> <\/label>\n<\/p>\n<p><label> I'm interested in*:<br \/>\n<span class=\"wpcf7-form-control-wrap\" data-name=\"subject-options\"><select class=\"wpcf7-form-control wpcf7-select\" aria-invalid=\"false\" name=\"subject-options\"><option value=\"\">&#8212;Please choose an option&#8212;<\/option><option value=\"I have cataracts and I want information\">I have cataracts and I want information<\/option><option value=\"I want more information about RLE\">I want more information about RLE<\/option><option value=\"LASIK and other refractive procedures\">LASIK and other refractive procedures<\/option><\/select><\/span> <\/label>\n<\/p>\n<p><label> Message <span class=\"wpcf7-form-control-wrap\" data-name=\"leave-message\"><textarea cols=\"40\" rows=\"10\" maxlength=\"2000\" class=\"wpcf7-form-control wpcf7-textarea\" aria-invalid=\"false\" name=\"leave-message\"><\/textarea><\/span> <\/label>\n<\/p>\n<p><span class=\"wpcf7-form-control-wrap\" data-name=\"random-math-quiz\"><label><span class=\"wpcf7-quiz-label\">40+25=?<\/span> <input size=\"40\" class=\"wpcf7-form-control wpcf7-quiz\" autocomplete=\"off\" aria-required=\"true\" aria-invalid=\"false\" type=\"text\" name=\"random-math-quiz\" \/><\/label><input type=\"hidden\" name=\"_wpcf7_quiz_answer_random-math-quiz\" value=\"90a835c6f98e8f906ca7a8f6c915389d\" \/><\/span>\n<\/p>\n<span class=\"wpcf7-form-control-wrap recaptcha\" data-name=\"recaptcha\"><span data-sitekey=\"6LfPycIUAAAAAFJNwXQkSwIQA0AVmViaDmtHkpMR\" class=\"wpcf7-form-control wpcf7-recaptcha g-recaptcha\"><\/span>\r\n<noscript>\r\n\t<div class=\"grecaptcha-noscript\">\r\n\t\t<iframe loading=\"lazy\" src=\"https:\/\/www.google.com\/recaptcha\/api\/fallback?k=6LfPycIUAAAAAFJNwXQkSwIQA0AVmViaDmtHkpMR\" frameborder=\"0\" scrolling=\"no\" width=\"310\" height=\"430\">\r\n\t\t<\/iframe>\r\n\t\t<textarea name=\"g-recaptcha-response\" rows=\"3\" cols=\"40\" placeholder=\"reCaptcha Response Here\">\r\n\t\t<\/textarea>\r\n\t<\/div>\r\n<\/noscript>\r\n<\/span>\n<p><span class=\"wpcf7-form-control-wrap\" data-name=\"aceptar\"><span class=\"wpcf7-form-control wpcf7-acceptance\"><span class=\"wpcf7-list-item\"><label><input type=\"checkbox\" name=\"aceptar\" value=\"1\" aria-invalid=\"false\" \/><span class=\"wpcf7-list-item-label\">I consent to Cataract Mexico collecting my details through this form.<\/span><\/label><\/span><\/span><\/span>\n<\/p>\n<p><input class=\"wpcf7-form-control wpcf7-submit has-spinner\" type=\"submit\" value=\"Send\" \/>\n<\/p><p style=\"display: none !important;\" class=\"akismet-fields-container\" data-prefix=\"_wpcf7_ak_\"><label>&#916;<textarea name=\"_wpcf7_ak_hp_textarea\" cols=\"45\" rows=\"8\" maxlength=\"100\"><\/textarea><\/label><input type=\"hidden\" id=\"ak_js_1\" name=\"_wpcf7_ak_js\" value=\"246\"\/><script>document.getElementById( \"ak_js_1\" ).setAttribute( \"value\", ( new Date() ).getTime() );<\/script><\/p><div class=\"wpcf7-response-output\" aria-hidden=\"true\"><\/div>\n<\/form>\n<\/div>\n<\/div>\n<\/div>\n            <div class=\"clearboth\"><\/div>\n        <\/div>\n\n\n\t\t\t\n\t\t\t\n\t\t\t\n\t\t<div class=\"clearboth\"><\/div>\n\t<\/div>\n<\/div>\n<div class=\"vc_row-full-width vc_clearfix\"><\/div>\n\n\n","protected":false},"excerpt":{"rendered":"FAQ Frequently Asked Questions 1. Can a cataract grow back?Once removed it\u2019s not possible to grow back. However some patients can develop a condition called Posterior capsule opacity (PCO), which means the capsular bag supporting the intraocular lens opacifies. PCO can be easily treated with no need to re-enter OR as it is an office [...]","protected":false},"author":2,"featured_media":0,"parent":0,"menu_order":0,"comment_status":"closed","ping_status":"closed","template":"","meta":{"footnotes":""},"class_list":["post-16","page","type-page","status-publish","hentry"],"yoast_head":"<!-- This site is optimized with the Yoast SEO plugin v26.9 - https:\/\/yoast.com\/product\/yoast-seo-wordpress\/ -->\n<title>FAQ &#8211; Cataract Mexico - Advanced sight restoration surgery<\/title>\n<meta name=\"description\" content=\"Bienvenido a Cataract M\u00e9xico, estamos especializados en brindar atenci\u00f3n de alta calidad para el cuidado de la vista. CIRUG\u00cdA DE CATARATAS, LENTES INTRAOCULARES, CONSULTA OFTALMOLOG\u00cdA\" \/>\n<meta name=\"robots\" content=\"index, follow, max-snippet:-1, max-image-preview:large, max-video-preview:-1\" \/>\n<link rel=\"canonical\" href=\"https:\/\/cataractmexico.com\/en\/faq\/\" \/>\n<meta property=\"og:locale\" content=\"en_US\" \/>\n<meta property=\"og:type\" content=\"article\" \/>\n<meta property=\"og:title\" content=\"FAQ &#8211; Cataract Mexico - Advanced sight restoration surgery\" \/>\n<meta property=\"og:description\" content=\"Bienvenido a Cataract M\u00e9xico, estamos especializados en brindar atenci\u00f3n de alta calidad para el cuidado de la vista. CIRUG\u00cdA DE CATARATAS, LENTES INTRAOCULARES, CONSULTA OFTALMOLOG\u00cdA\" \/>\n<meta property=\"og:url\" content=\"https:\/\/cataractmexico.com\/en\/faq\/\" \/>\n<meta property=\"og:site_name\" content=\"Cataract Mexico - Advanced sight restoration surgery\" \/>\n<meta property=\"article:publisher\" content=\"https:\/\/www.facebook.com\/\" \/>\n<meta property=\"article:modified_time\" content=\"2020-05-08T19:37:05+00:00\" \/>\n<meta name=\"twitter:card\" content=\"summary_large_image\" \/>\n<meta name=\"twitter:site\" content=\"@cataractmexico\" \/>\n<script type=\"application\/ld+json\" class=\"yoast-schema-graph\">{\"@context\":\"https:\/\/schema.org\",\"@graph\":[{\"@type\":\"WebPage\",\"@id\":\"https:\/\/cataractmexico.com\/faq\/\",\"url\":\"https:\/\/cataractmexico.com\/faq\/\",\"name\":\"FAQ &#8211; Cataract Mexico - Advanced sight restoration surgery\",\"isPartOf\":{\"@id\":\"https:\/\/cataractmexico.com\/en\/#website\"},\"datePublished\":\"2019-06-25T21:56:41+00:00\",\"dateModified\":\"2020-05-08T19:37:05+00:00\",\"description\":\"Bienvenido a Cataract M\u00e9xico, estamos especializados en brindar atenci\u00f3n de alta calidad para el cuidado de la vista. CIRUG\u00cdA DE CATARATAS, LENTES INTRAOCULARES, CONSULTA OFTALMOLOG\u00cdA\",\"breadcrumb\":{\"@id\":\"https:\/\/cataractmexico.com\/faq\/#breadcrumb\"},\"inLanguage\":\"en-US\",\"potentialAction\":[{\"@type\":\"ReadAction\",\"target\":[\"https:\/\/cataractmexico.com\/faq\/\"]}]},{\"@type\":\"BreadcrumbList\",\"@id\":\"https:\/\/cataractmexico.com\/faq\/#breadcrumb\",\"itemListElement\":[{\"@type\":\"ListItem\",\"position\":1,\"name\":\"Home\",\"item\":\"https:\/\/cataractmexico.com\/\"},{\"@type\":\"ListItem\",\"position\":2,\"name\":\"FAQ\"}]},{\"@type\":\"WebSite\",\"@id\":\"https:\/\/cataractmexico.com\/en\/#website\",\"url\":\"https:\/\/cataractmexico.com\/en\/\",\"name\":\"Cataract Mexico - Advanced sight restoration surgery\",\"description\":\"Cataract Mexico - Advanced sight restoration surgery - We specialize in providing high quality care for eye care.\",\"publisher\":{\"@id\":\"https:\/\/cataractmexico.com\/en\/#organization\"},\"alternateName\":\"Cataract Mexico\",\"potentialAction\":[{\"@type\":\"SearchAction\",\"target\":{\"@type\":\"EntryPoint\",\"urlTemplate\":\"https:\/\/cataractmexico.com\/en\/?s={search_term_string}\"},\"query-input\":{\"@type\":\"PropertyValueSpecification\",\"valueRequired\":true,\"valueName\":\"search_term_string\"}}],\"inLanguage\":\"en-US\"},{\"@type\":\"Organization\",\"@id\":\"https:\/\/cataractmexico.com\/en\/#organization\",\"name\":\"Cataract Mexico\",\"url\":\"https:\/\/cataractmexico.com\/en\/\",\"logo\":{\"@type\":\"ImageObject\",\"inLanguage\":\"en-US\",\"@id\":\"https:\/\/cataractmexico.com\/en\/#\/schema\/logo\/image\/\",\"url\":\"https:\/\/cataractmexico.com\/wp-content\/uploads\/2020\/03\/cropped-cataract-mexico-favicon.png\",\"contentUrl\":\"https:\/\/cataractmexico.com\/wp-content\/uploads\/2020\/03\/cropped-cataract-mexico-favicon.png\",\"width\":512,\"height\":512,\"caption\":\"Cataract Mexico\"},\"image\":{\"@id\":\"https:\/\/cataractmexico.com\/en\/#\/schema\/logo\/image\/\"},\"sameAs\":[\"https:\/\/www.facebook.com\/\",\"https:\/\/x.com\/cataractmexico\",\"https:\/\/www.instagram.com\/cataractmexico\/\"]}]}<\/script>\n<!-- \/ Yoast SEO plugin. -->","yoast_head_json":{"title":"FAQ &#8211; Cataract Mexico - Advanced sight restoration surgery","description":"Bienvenido a Cataract M\u00e9xico, estamos especializados en brindar atenci\u00f3n de alta calidad para el cuidado de la vista. CIRUG\u00cdA DE CATARATAS, LENTES INTRAOCULARES, CONSULTA OFTALMOLOG\u00cdA","robots":{"index":"index","follow":"follow","max-snippet":"max-snippet:-1","max-image-preview":"max-image-preview:large","max-video-preview":"max-video-preview:-1"},"canonical":"https:\/\/cataractmexico.com\/en\/faq\/","og_locale":"en_US","og_type":"article","og_title":"FAQ &#8211; Cataract Mexico - Advanced sight restoration surgery","og_description":"Bienvenido a Cataract M\u00e9xico, estamos especializados en brindar atenci\u00f3n de alta calidad para el cuidado de la vista. CIRUG\u00cdA DE CATARATAS, LENTES INTRAOCULARES, CONSULTA OFTALMOLOG\u00cdA","og_url":"https:\/\/cataractmexico.com\/en\/faq\/","og_site_name":"Cataract Mexico - Advanced sight restoration surgery","article_publisher":"https:\/\/www.facebook.com\/","article_modified_time":"2020-05-08T19:37:05+00:00","twitter_card":"summary_large_image","twitter_site":"@cataractmexico","schema":{"@context":"https:\/\/schema.org","@graph":[{"@type":"WebPage","@id":"https:\/\/cataractmexico.com\/faq\/","url":"https:\/\/cataractmexico.com\/faq\/","name":"FAQ &#8211; Cataract Mexico - Advanced sight restoration surgery","isPartOf":{"@id":"https:\/\/cataractmexico.com\/en\/#website"},"datePublished":"2019-06-25T21:56:41+00:00","dateModified":"2020-05-08T19:37:05+00:00","description":"Bienvenido a Cataract M\u00e9xico, estamos especializados en brindar atenci\u00f3n de alta calidad para el cuidado de la vista. CIRUG\u00cdA DE CATARATAS, LENTES INTRAOCULARES, CONSULTA OFTALMOLOG\u00cdA","breadcrumb":{"@id":"https:\/\/cataractmexico.com\/faq\/#breadcrumb"},"inLanguage":"en-US","potentialAction":[{"@type":"ReadAction","target":["https:\/\/cataractmexico.com\/faq\/"]}]},{"@type":"BreadcrumbList","@id":"https:\/\/cataractmexico.com\/faq\/#breadcrumb","itemListElement":[{"@type":"ListItem","position":1,"name":"Home","item":"https:\/\/cataractmexico.com\/"},{"@type":"ListItem","position":2,"name":"FAQ"}]},{"@type":"WebSite","@id":"https:\/\/cataractmexico.com\/en\/#website","url":"https:\/\/cataractmexico.com\/en\/","name":"Cataract Mexico - Advanced sight restoration surgery","description":"Cataract Mexico - Advanced sight restoration surgery - We specialize in providing high quality care for eye care.","publisher":{"@id":"https:\/\/cataractmexico.com\/en\/#organization"},"alternateName":"Cataract Mexico","potentialAction":[{"@type":"SearchAction","target":{"@type":"EntryPoint","urlTemplate":"https:\/\/cataractmexico.com\/en\/?s={search_term_string}"},"query-input":{"@type":"PropertyValueSpecification","valueRequired":true,"valueName":"search_term_string"}}],"inLanguage":"en-US"},{"@type":"Organization","@id":"https:\/\/cataractmexico.com\/en\/#organization","name":"Cataract Mexico","url":"https:\/\/cataractmexico.com\/en\/","logo":{"@type":"ImageObject","inLanguage":"en-US","@id":"https:\/\/cataractmexico.com\/en\/#\/schema\/logo\/image\/","url":"https:\/\/cataractmexico.com\/wp-content\/uploads\/2020\/03\/cropped-cataract-mexico-favicon.png","contentUrl":"https:\/\/cataractmexico.com\/wp-content\/uploads\/2020\/03\/cropped-cataract-mexico-favicon.png","width":512,"height":512,"caption":"Cataract Mexico"},"image":{"@id":"https:\/\/cataractmexico.com\/en\/#\/schema\/logo\/image\/"},"sameAs":["https:\/\/www.facebook.com\/","https:\/\/x.com\/cataractmexico","https:\/\/www.instagram.com\/cataractmexico\/"]}]}},"jetpack_sharing_enabled":true,"_links":{"self":[{"href":"https:\/\/cataractmexico.com\/en\/wp-json\/wp\/v2\/pages\/16","targetHints":{"allow":["GET"]}}],"collection":[{"href":"https:\/\/cataractmexico.com\/en\/wp-json\/wp\/v2\/pages"}],"about":[{"href":"https:\/\/cataractmexico.com\/en\/wp-json\/wp\/v2\/types\/page"}],"author":[{"embeddable":true,"href":"https:\/\/cataractmexico.com\/en\/wp-json\/wp\/v2\/users\/2"}],"replies":[{"embeddable":true,"href":"https:\/\/cataractmexico.com\/en\/wp-json\/wp\/v2\/comments?post=16"}],"version-history":[{"count":23,"href":"https:\/\/cataractmexico.com\/en\/wp-json\/wp\/v2\/pages\/16\/revisions"}],"predecessor-version":[{"id":826,"href":"https:\/\/cataractmexico.com\/en\/wp-json\/wp\/v2\/pages\/16\/revisions\/826"}],"wp:attachment":[{"href":"https:\/\/cataractmexico.com\/en\/wp-json\/wp\/v2\/media?parent=16"}],"curies":[{"name":"wp","href":"https:\/\/api.w.org\/{rel}","templated":true}]}}